{"id":2591,"date":"2020-02-20T12:12:52","date_gmt":"2020-02-20T12:12:52","guid":{"rendered":"https:\/\/stal.qodeinteractive.com\/?page_id=2591"},"modified":"2022-07-06T13:02:25","modified_gmt":"2022-07-06T13:02:25","slug":"our-services","status":"publish","type":"page","link":"https:\/\/www.wmetall.at\/?page_id=2591","title":{"rendered":"Leistungen"},"content":{"rendered":"\t\t<div data-elementor-type=\"wp-page\" data-elementor-id=\"2591\" class=\"elementor elementor-2591\">\n\t\t\t\t\t\t\t\t\t<section class=\"elementor-section elementor-top-section elementor-element elementor-element-1d07719 qodef-elementor-content-grid elementor-section-full_width elementor-section-height-default elementor-section-height-default\" data-id=\"1d07719\" data-element_type=\"section\">\n\t\t\t\t\t\t<div class=\"elementor-container elementor-column-gap-default\">\n\t\t\t\t\t<div class=\"elementor-column elementor-col-50 elementor-top-column elementor-element elementor-element-25d55c5\" data-id=\"25d55c5\" data-element_type=\"column\">\n\t\t\t<div class=\"elementor-widget-wrap elementor-element-populated\">\n\t\t\t\t\t\t\t\t<div class=\"elementor-element elementor-element-8f89a05 elementor-widget elementor-widget-stal_core_section_title\" data-id=\"8f89a05\" data-element_type=\"widget\" data-widget_type=\"stal_core_section_title.default\">\n\t\t\t\t<div class=\"elementor-widget-container\">\n\t\t\t<div class=\"qodef-shortcode qodef-m  qodef-section-title qodef-alignment--left  qodef-title-with-tagline\">\n\t\t<div class=\"qodef-m-title-wrap\">\n\t        <h6 class=\"qodef-m-title-tagline\" style=\"color: #BF2B2B\">Unsere Ziele<\/h6>\n    \t<h2 class=\"qodef-m-title\" >\n\t\t\t\t\tVon Anfang bis Ende L\u00f6sungen aller Art\t\t\t<\/h2>\n\t\n\t<\/div>\n\t\t<p class=\"qodef-m-text\" style=\"font-size: 19px;line-height: 30px\">Unsere Erfahrung, Flexibilit\u00e4t und hohen Qualit\u00e4tsstandards bieten Ihnen eine problemlose Fertigung und rasche Lieferung ihrer Bauteile. <\/p>\n<\/div>\t\t<\/div>\n\t\t\t\t<\/div>\n\t\t\t\t\t<\/div>\n\t\t<\/div>\n\t\t\t\t<div class=\"elementor-column elementor-col-50 elementor-top-column elementor-element elementor-element-cdc7ba9\" data-id=\"cdc7ba9\" data-element_type=\"column\">\n\t\t\t<div class=\"elementor-widget-wrap\">\n\t\t\t\t\t\t\t\t\t<\/div>\n\t\t<\/div>\n\t\t\t\t\t\t\t<\/div>\n\t\t<\/section>\n\t\t\t\t<section class=\"elementor-section elementor-top-section elementor-element elementor-element-ebd3287 qodef-elementor-content-grid elementor-section-full_width elementor-section-height-default elementor-section-height-default\" data-id=\"ebd3287\" data-element_type=\"section\">\n\t\t\t\t\t\t<div class=\"elementor-container elementor-column-gap-default\">\n\t\t\t\t\t<div class=\"elementor-column elementor-col-33 elementor-top-column elementor-element elementor-element-f0ca19e\" data-id=\"f0ca19e\" data-element_type=\"column\" data-settings=\"{&quot;background_background&quot;:&quot;classic&quot;}\">\n\t\t\t<div class=\"elementor-widget-wrap elementor-element-populated\">\n\t\t\t\t\t\t\t\t<div class=\"elementor-element elementor-element-c6cc88c elementor-widget elementor-widget-stal_core_icon_with_text\" data-id=\"c6cc88c\" data-element_type=\"widget\" data-widget_type=\"stal_core_icon_with_text.default\">\n\t\t\t\t<div class=\"elementor-widget-container\">\n\t\t\t<div class=\"qodef-shortcode qodef-m  qodef-icon-with-text qodef-layout--top  qodef--custom-icon  qodef-alignment--center\" >\n\t<div class=\"qodef-m-icon-wrapper\">\n\t\t\t\t\t<a itemprop=\"url\" href=\"http:\/\/www.wmetall.at\/?page_id=5654\" target=\"_self\">\n\t\t\t<img width=\"120\" height=\"120\" src=\"https:\/\/www.wmetall.at\/wp-content\/uploads\/2021\/04\/Icon_01-Kopie.png\" class=\"attachment-full size-full\" alt=\"\" loading=\"lazy\" srcset=\"https:\/\/www.wmetall.at\/wp-content\/uploads\/2021\/04\/Icon_01-Kopie.png 120w, https:\/\/www.wmetall.at\/wp-content\/uploads\/2021\/04\/Icon_01-Kopie-82x82.png 82w, https:\/\/www.wmetall.at\/wp-content\/uploads\/2021\/04\/Icon_01-Kopie-100x100.png 100w\" sizes=\"(max-width: 120px) 100vw, 120px\" \/>\t\t\t<\/a>\n\t\t<\/div>\n\t<div class=\"qodef-m-content\">\n\t\t\t<h4 class=\"qodef-m-title\" >\n\t\t\t\t\t<a itemprop=\"url\" href=\"http:\/\/www.wmetall.at\/?page_id=5654\" target=\"_self\">\n\t\t\t\t\t<span class=\"qodef-m-title-text\">CNC FR\u00c4SEN<\/span>\n\t\t\t\t\t<\/a>\n\t\t\t<\/h4>\n\t\t\t<p class=\"qodef-m-text\" >Die Schnellbearbeitung mit unseren CNC-Maschinen erm\u00f6glich die Produktion von Bauteilen von bis zu 2000 x 600 x 600 mm.<\/p>\n\t<\/div>\n<\/div>\t\t<\/div>\n\t\t\t\t<\/div>\n\t\t\t\t\t<\/div>\n\t\t<\/div>\n\t\t\t\t<div class=\"elementor-column elementor-col-33 elementor-top-column elementor-element elementor-element-8aff1b6\" data-id=\"8aff1b6\" data-element_type=\"column\" data-settings=\"{&quot;background_background&quot;:&quot;classic&quot;}\">\n\t\t\t<div class=\"elementor-widget-wrap elementor-element-populated\">\n\t\t\t\t\t\t\t\t<div class=\"elementor-element elementor-element-5bc7926 elementor-widget elementor-widget-stal_core_icon_with_text\" data-id=\"5bc7926\" data-element_type=\"widget\" data-widget_type=\"stal_core_icon_with_text.default\">\n\t\t\t\t<div class=\"elementor-widget-container\">\n\t\t\t<div class=\"qodef-shortcode qodef-m  qodef-icon-with-text qodef-layout--top  qodef--custom-icon  qodef-alignment--center\" >\n\t<div class=\"qodef-m-icon-wrapper\">\n\t\t\t\t\t<a itemprop=\"url\" href=\"http:\/\/www.wmetall.at\/?page_id=5680\" target=\"_self\">\n\t\t\t<img width=\"120\" height=\"120\" src=\"https:\/\/www.wmetall.at\/wp-content\/uploads\/2021\/04\/Icon_02.png\" class=\"attachment-full size-full\" alt=\"\" loading=\"lazy\" srcset=\"https:\/\/www.wmetall.at\/wp-content\/uploads\/2021\/04\/Icon_02.png 120w, https:\/\/www.wmetall.at\/wp-content\/uploads\/2021\/04\/Icon_02-82x82.png 82w, https:\/\/www.wmetall.at\/wp-content\/uploads\/2021\/04\/Icon_02-100x100.png 100w\" sizes=\"(max-width: 120px) 100vw, 120px\" \/>\t\t\t<\/a>\n\t\t<\/div>\n\t<div class=\"qodef-m-content\">\n\t\t\t<h4 class=\"qodef-m-title\" >\n\t\t\t\t\t<a itemprop=\"url\" href=\"http:\/\/www.wmetall.at\/?page_id=5680\" target=\"_self\">\n\t\t\t\t\t<span class=\"qodef-m-title-text\">CNC DREHEN<\/span>\n\t\t\t\t\t<\/a>\n\t\t\t<\/h4>\n\t\t\t<p class=\"qodef-m-text\" >Wir \u00fcbernehmen die Komplettbearbeitung ihrer Teile durch Futter- und Stangendrehen mit einem breiten, auch schwer zerspanbaren, Materialspektrum. <\/p>\n\t<\/div>\n<\/div>\t\t<\/div>\n\t\t\t\t<\/div>\n\t\t\t\t\t<\/div>\n\t\t<\/div>\n\t\t\t\t<div class=\"elementor-column elementor-col-33 elementor-top-column elementor-element elementor-element-14e5596\" data-id=\"14e5596\" data-element_type=\"column\" data-settings=\"{&quot;background_background&quot;:&quot;classic&quot;}\">\n\t\t\t<div class=\"elementor-widget-wrap elementor-element-populated\">\n\t\t\t\t\t\t\t\t<div class=\"elementor-element elementor-element-0cb3c4d elementor-widget elementor-widget-stal_core_icon_with_text\" data-id=\"0cb3c4d\" data-element_type=\"widget\" data-widget_type=\"stal_core_icon_with_text.default\">\n\t\t\t\t<div class=\"elementor-widget-container\">\n\t\t\t<div class=\"qodef-shortcode qodef-m  qodef-icon-with-text qodef-layout--top  qodef--custom-icon  qodef-alignment--center\" >\n\t<div class=\"qodef-m-icon-wrapper\">\n\t\t\t\t\t<a itemprop=\"url\" href=\"http:\/\/www.wmetall.at\/?page_id=5700\" target=\"_self\">\n\t\t\t<img width=\"120\" height=\"120\" src=\"https:\/\/www.wmetall.at\/wp-content\/uploads\/2021\/04\/Icon_03.png\" class=\"attachment-full size-full\" alt=\"\" loading=\"lazy\" srcset=\"https:\/\/www.wmetall.at\/wp-content\/uploads\/2021\/04\/Icon_03.png 120w, https:\/\/www.wmetall.at\/wp-content\/uploads\/2021\/04\/Icon_03-82x82.png 82w, https:\/\/www.wmetall.at\/wp-content\/uploads\/2021\/04\/Icon_03-100x100.png 100w\" sizes=\"(max-width: 120px) 100vw, 120px\" \/>\t\t\t<\/a>\n\t\t<\/div>\n\t<div class=\"qodef-m-content\">\n\t\t\t<h4 class=\"qodef-m-title\" >\n\t\t\t\t\t<a itemprop=\"url\" href=\"http:\/\/www.wmetall.at\/?page_id=5700\" target=\"_self\">\n\t\t\t\t\t<span class=\"qodef-m-title-text\">BAUGRUPPENFERTIGUNG<\/span>\n\t\t\t\t\t<\/a>\n\t\t\t<\/h4>\n\t\t\t<p class=\"qodef-m-text\" >Wir verf\u00fcgen seit mehr als 10 Jahren branchen\u00fcbergreifende Erfahrung in vielen Bereich der Industrie f\u00fcr die Baugruppenfertigung. <\/p>\n\t<\/div>\n<\/div>\t\t<\/div>\n\t\t\t\t<\/div>\n\t\t\t\t\t<\/div>\n\t\t<\/div>\n\t\t\t\t\t\t\t<\/div>\n\t\t<\/section>\n\t\t\t\t<section class=\"elementor-section elementor-top-section elementor-element elementor-element-ef03e66 elementor-section-boxed elementor-section-height-default elementor-section-height-default qodef-elementor-content-no\" data-id=\"ef03e66\" data-element_type=\"section\">\n\t\t\t\t\t\t<div class=\"elementor-container elementor-column-gap-default\">\n\t\t\t\t\t<div class=\"elementor-column elementor-col-100 elementor-top-column elementor-element elementor-element-57a8e5f\" data-id=\"57a8e5f\" data-element_type=\"column\">\n\t\t\t<div class=\"elementor-widget-wrap elementor-element-populated\">\n\t\t\t\t\t\t\t\t<div class=\"elementor-element elementor-element-80b98e7 elementor-widget elementor-widget-spacer\" data-id=\"80b98e7\" data-element_type=\"widget\" data-widget_type=\"spacer.default\">\n\t\t\t\t<div class=\"elementor-widget-container\">\n\t\t\t\t\t<div class=\"elementor-spacer\">\n\t\t\t<div class=\"elementor-spacer-inner\"><\/div>\n\t\t<\/div>\n\t\t\t\t<\/div>\n\t\t\t\t<\/div>\n\t\t\t\t\t<\/div>\n\t\t<\/div>\n\t\t\t\t\t\t\t<\/div>\n\t\t<\/section>\n\t\t\t\t<section class=\"elementor-section elementor-top-section elementor-element elementor-element-d703c30 qodef-elementor-content-grid elementor-section-full_width elementor-section-height-default elementor-section-height-default\" data-id=\"d703c30\" data-element_type=\"section\">\n\t\t\t\t\t\t<div class=\"elementor-container elementor-column-gap-default\">\n\t\t\t\t\t<div class=\"elementor-column elementor-col-33 elementor-top-column elementor-element elementor-element-92cfc89\" data-id=\"92cfc89\" data-element_type=\"column\" data-settings=\"{&quot;background_background&quot;:&quot;classic&quot;}\">\n\t\t\t<div class=\"elementor-widget-wrap elementor-element-populated\">\n\t\t\t\t\t\t\t\t<div class=\"elementor-element elementor-element-9a85fbb elementor-widget elementor-widget-stal_core_icon_with_text\" data-id=\"9a85fbb\" data-element_type=\"widget\" data-widget_type=\"stal_core_icon_with_text.default\">\n\t\t\t\t<div class=\"elementor-widget-container\">\n\t\t\t<div class=\"qodef-shortcode qodef-m  qodef-icon-with-text qodef-layout--top  qodef--custom-icon  qodef-alignment--center\" >\n\t<div class=\"qodef-m-icon-wrapper\">\n\t\t\t\t\t<a itemprop=\"url\" href=\"http:\/\/www.wmetall.at\/?page_id=6044\" target=\"_self\">\n\t\t\t<img width=\"59\" height=\"114\" src=\"https:\/\/www.wmetall.at\/wp-content\/uploads\/2022\/07\/Senkerodieren-1.png\" class=\"attachment-full size-full\" alt=\"\" loading=\"lazy\" \/>\t\t\t<\/a>\n\t\t<\/div>\n\t<div class=\"qodef-m-content\">\n\t\t\t<h4 class=\"qodef-m-title\" >\n\t\t\t\t\t<a itemprop=\"url\" href=\"http:\/\/www.wmetall.at\/?page_id=6044\" target=\"_self\">\n\t\t\t\t\t<span class=\"qodef-m-title-text\">SENKERODIEREN<\/span>\n\t\t\t\t\t<\/a>\n\t\t\t<\/h4>\n\t\t\t<p class=\"qodef-m-text\" >Wer ein Verfahren sucht, bei dem eine hervorragende Oberfl\u00e4chenqualit\u00e4t und eine sehr gute Formgenauigkeit gefragt ist, findet im Senkerodieren das passende Verfahren.<\/p>\n\t<\/div>\n<\/div>\t\t<\/div>\n\t\t\t\t<\/div>\n\t\t\t\t\t<\/div>\n\t\t<\/div>\n\t\t\t\t<div class=\"elementor-column elementor-col-33 elementor-top-column elementor-element elementor-element-8bb04f0\" data-id=\"8bb04f0\" data-element_type=\"column\" data-settings=\"{&quot;background_background&quot;:&quot;classic&quot;}\">\n\t\t\t<div class=\"elementor-widget-wrap elementor-element-populated\">\n\t\t\t\t\t\t\t\t<div class=\"elementor-element elementor-element-ae111f7 elementor-widget elementor-widget-stal_core_icon_with_text\" data-id=\"ae111f7\" data-element_type=\"widget\" data-widget_type=\"stal_core_icon_with_text.default\">\n\t\t\t\t<div class=\"elementor-widget-container\">\n\t\t\t<div class=\"qodef-shortcode qodef-m  qodef-icon-with-text qodef-layout--top  qodef--custom-icon  qodef-alignment--center\" >\n\t<div class=\"qodef-m-icon-wrapper\">\n\t\t\t\t\t<a itemprop=\"url\" href=\"http:\/\/www.wmetall.at\/?page_id=6054\" target=\"_self\">\n\t\t\t<img width=\"114\" height=\"113\" src=\"https:\/\/www.wmetall.at\/wp-content\/uploads\/2022\/07\/Drahtschneiden.png\" class=\"attachment-full size-full\" alt=\"\" loading=\"lazy\" srcset=\"https:\/\/www.wmetall.at\/wp-content\/uploads\/2022\/07\/Drahtschneiden.png 114w, https:\/\/www.wmetall.at\/wp-content\/uploads\/2022\/07\/Drahtschneiden-82x82.png 82w, https:\/\/www.wmetall.at\/wp-content\/uploads\/2022\/07\/Drahtschneiden-100x100.png 100w\" sizes=\"(max-width: 114px) 100vw, 114px\" \/>\t\t\t<\/a>\n\t\t<\/div>\n\t<div class=\"qodef-m-content\">\n\t\t\t<h4 class=\"qodef-m-title\" >\n\t\t\t\t\t<a itemprop=\"url\" href=\"http:\/\/www.wmetall.at\/?page_id=6054\" target=\"_self\">\n\t\t\t\t\t<span class=\"qodef-m-title-text\">DRAHTSCHNEIDEN<\/span>\n\t\t\t\t\t<\/a>\n\t\t\t<\/h4>\n\t\t\t<p class=\"qodef-m-text\" >Mittels Drahterosion lassen sich alle leitenden Materialien unabh\u00e4ngig ihrer H\u00e4rte bearbeiten. Auch bei gro\u00dfer Materialdicke sind extrem geringe Schnittbreiten m\u00f6glich.<\/p>\n\t<\/div>\n<\/div>\t\t<\/div>\n\t\t\t\t<\/div>\n\t\t\t\t\t<\/div>\n\t\t<\/div>\n\t\t\t\t<div class=\"elementor-column elementor-col-33 elementor-top-column elementor-element elementor-element-6e295a9\" data-id=\"6e295a9\" data-element_type=\"column\" data-settings=\"{&quot;background_background&quot;:&quot;classic&quot;}\">\n\t\t\t<div class=\"elementor-widget-wrap elementor-element-populated\">\n\t\t\t\t\t\t\t\t<div class=\"elementor-element elementor-element-f3594e6 elementor-widget elementor-widget-stal_core_icon_with_text\" data-id=\"f3594e6\" data-element_type=\"widget\" data-widget_type=\"stal_core_icon_with_text.default\">\n\t\t\t\t<div class=\"elementor-widget-container\">\n\t\t\t<div class=\"qodef-shortcode qodef-m  qodef-icon-with-text qodef-layout--top  qodef--custom-icon  qodef-alignment--center\" >\n\t<div class=\"qodef-m-icon-wrapper\">\n\t\t\t\t\t<a itemprop=\"url\" href=\"http:\/\/www.wmetall.at\/?page_id=6040\" target=\"_self\">\n\t\t\t<img width=\"109\" height=\"107\" src=\"https:\/\/www.wmetall.at\/wp-content\/uploads\/2022\/07\/Flachschleifen.png\" class=\"attachment-full size-full\" alt=\"\" loading=\"lazy\" \/>\t\t\t<\/a>\n\t\t<\/div>\n\t<div class=\"qodef-m-content\">\n\t\t\t<h4 class=\"qodef-m-title\" >\n\t\t\t\t\t<a itemprop=\"url\" href=\"http:\/\/www.wmetall.at\/?page_id=6040\" target=\"_self\">\n\t\t\t\t\t<span class=\"qodef-m-title-text\">FLACHSCHLEIFEN<\/span>\n\t\t\t\t\t<\/a>\n\t\t\t<\/h4>\n\t\t\t<p class=\"qodef-m-text\" >Diese Technologie dient der Gl\u00e4ttung von Oberfl\u00e4chen und Definition der Endkonturen, welche mit konventionellen Verfahren wie dem Drehen oder Fr\u00e4sen nicht realisierbar sind.<\/p>\n\t<\/div>\n<\/div>\t\t<\/div>\n\t\t\t\t<\/div>\n\t\t\t\t\t<\/div>\n\t\t<\/div>\n\t\t\t\t\t\t\t<\/div>\n\t\t<\/section>\n\t\t\t\t<section class=\"elementor-section elementor-top-section elementor-element elementor-element-20e84ee elementor-section-boxed elementor-section-height-default elementor-section-height-default qodef-elementor-content-no\" data-id=\"20e84ee\" data-element_type=\"section\">\n\t\t\t\t\t\t<div class=\"elementor-container elementor-column-gap-default\">\n\t\t\t\t\t<div class=\"elementor-column elementor-col-100 elementor-top-column elementor-element elementor-element-620b3ce\" data-id=\"620b3ce\" data-element_type=\"column\">\n\t\t\t<div class=\"elementor-widget-wrap elementor-element-populated\">\n\t\t\t\t\t\t\t\t<div class=\"elementor-element elementor-element-05dc4e8 elementor-widget elementor-widget-spacer\" data-id=\"05dc4e8\" data-element_type=\"widget\" data-widget_type=\"spacer.default\">\n\t\t\t\t<div class=\"elementor-widget-container\">\n\t\t\t\t\t<div class=\"elementor-spacer\">\n\t\t\t<div class=\"elementor-spacer-inner\"><\/div>\n\t\t<\/div>\n\t\t\t\t<\/div>\n\t\t\t\t<\/div>\n\t\t\t\t\t<\/div>\n\t\t<\/div>\n\t\t\t\t\t\t\t<\/div>\n\t\t<\/section>\n\t\t\t\t\t\t\t<\/div>\n\t\t","protected":false},"excerpt":{"rendered":"<p>Unsere Ziele Von Anfang bis Ende L\u00f6sungen aller Art Unsere Erfahrung, Flexibilit\u00e4t und hohen Qualit\u00e4tsstandards bieten Ihnen eine problemlose Fertigung und rasche Lieferung ihrer Bauteile. CNC FR\u00c4SEN Die Schnellbearbeitung mit unseren CNC-Maschinen erm\u00f6glich die Produktion von Bauteilen von bis zu 2000 x 600 x 600 mm. CNC DREHEN Wir \u00fcbernehmen die Komplettbearbeitung ihrer Teile durch [&hellip;]<\/p>\n","protected":false},"author":1,"featured_media":0,"parent":0,"menu_order":0,"comment_status":"closed","ping_status":"closed","template":"page-full-width.php","meta":[],"_links":{"self":[{"href":"https:\/\/www.wmetall.at\/index.php?rest_route=\/wp\/v2\/pages\/2591"}],"collection":[{"href":"https:\/\/www.wmetall.at\/index.php?rest_route=\/wp\/v2\/pages"}],"about":[{"href":"https:\/\/www.wmetall.at\/index.php?rest_route=\/wp\/v2\/types\/page"}],"author":[{"embeddable":true,"href":"https:\/\/www.wmetall.at\/index.php?rest_route=\/wp\/v2\/users\/1"}],"replies":[{"embeddable":true,"href":"https:\/\/www.wmetall.at\/index.php?rest_route=%2Fwp%2Fv2%2Fcomments&post=2591"}],"version-history":[{"count":86,"href":"https:\/\/www.wmetall.at\/index.php?rest_route=\/wp\/v2\/pages\/2591\/revisions"}],"predecessor-version":[{"id":6187,"href":"https:\/\/www.wmetall.at\/index.php?rest_route=\/wp\/v2\/pages\/2591\/revisions\/6187"}],"wp:attachment":[{"href":"https:\/\/www.wmetall.at\/index.php?rest_route=%2Fwp%2Fv2%2Fmedia&parent=2591"}],"curies":[{"name":"wp","href":"https:\/\/api.w.org\/{rel}","templated":true}]}}