{"id":5654,"date":"2021-04-26T10:57:25","date_gmt":"2021-04-26T10:57:25","guid":{"rendered":"http:\/\/www.wmetall.at\/?page_id=5654"},"modified":"2022-07-06T12:06:14","modified_gmt":"2022-07-06T12:06:14","slug":"cnc-fraesen","status":"publish","type":"page","link":"https:\/\/www.wmetall.at\/?page_id=5654","title":{"rendered":"CNC Fr\u00e4sen"},"content":{"rendered":"\t\t<div data-elementor-type=\"wp-page\" data-elementor-id=\"5654\" class=\"elementor elementor-5654\">\n\t\t\t\t\t\t\t\t\t<section class=\"elementor-section elementor-top-section elementor-element elementor-element-21172b89 elementor-section-boxed elementor-section-height-default elementor-section-height-default qodef-elementor-content-no\" data-id=\"21172b89\" data-element_type=\"section\">\n\t\t\t\t\t\t<div class=\"elementor-container elementor-column-gap-default\">\n\t\t\t\t\t<div class=\"elementor-column elementor-col-100 elementor-top-column elementor-element elementor-element-3402e7f3\" data-id=\"3402e7f3\" data-element_type=\"column\">\n\t\t\t<div class=\"elementor-widget-wrap elementor-element-populated\">\n\t\t\t\t\t\t\t\t<div class=\"elementor-element elementor-element-767c28df elementor-widget elementor-widget-stal_core_section_title\" data-id=\"767c28df\" data-element_type=\"widget\" data-widget_type=\"stal_core_section_title.default\">\n\t\t\t\t<div class=\"elementor-widget-container\">\n\t\t\t<div class=\"qodef-shortcode qodef-m  qodef-section-title qodef-alignment--left  qodef-title-with-tagline\">\n\t\t<div class=\"qodef-m-title-wrap\">\n\t        <h6 class=\"qodef-m-title-tagline\" style=\"color: #BF2B2B\">WMETALL<\/h6>\n    \t<h2 class=\"qodef-m-title\" >\n\t\t\t\t\tCNC FR\u00c4SEN - WMETALL\t\t\t<\/h2>\n\t\n\t<\/div>\n\t\t<p class=\"qodef-m-text\" style=\"font-size: 19px;line-height: 30px\">Wir von der W-Metall CNC Technik GmbH verf\u00fcgen \u00fcber 3-, &amp; 5-Achs-Fr\u00e4smaschinen.\nMit unseren CNC-Maschinen gew\u00e4hrleisten wir die Produktion von Metall- und Kunststoffteilen mit absoluter Pr\u00e4zision und Wiederholbarkeit mit sehr engen Toleranzen. Die Schnellbearbeitung mit unseren CNC-Maschinen erm\u00f6glich die Produktion von Bauteilen von bis zu 2000 x 600 x 600 mm. Gerne k\u00f6nnen Sie uns Ihre fertige CAD-Zeichnung oder auch andere Formate f\u00fcr die Produktion Ihrer Bauteile zukommen lassen.<\/p>\n<\/div>\t\t<\/div>\n\t\t\t\t<\/div>\n\t\t\t\t\t<\/div>\n\t\t<\/div>\n\t\t\t\t\t\t\t<\/div>\n\t\t<\/section>\n\t\t\t\t<section class=\"elementor-section elementor-top-section elementor-element elementor-element-01973e0 elementor-section-boxed elementor-section-height-default elementor-section-height-default qodef-elementor-content-no\" data-id=\"01973e0\" data-element_type=\"section\">\n\t\t\t\t\t\t<div class=\"elementor-container elementor-column-gap-default\">\n\t\t\t\t\t<div class=\"elementor-column elementor-col-100 elementor-top-column elementor-element elementor-element-4ee8677\" data-id=\"4ee8677\" data-element_type=\"column\">\n\t\t\t<div class=\"elementor-widget-wrap elementor-element-populated\">\n\t\t\t\t\t\t\t\t<div class=\"elementor-element elementor-element-1c4ecea elementor-widget elementor-widget-text-editor\" data-id=\"1c4ecea\" data-element_type=\"widget\" data-widget_type=\"text-editor.default\">\n\t\t\t\t<div class=\"elementor-widget-container\">\n\t\t\t\t\t\t\t<p>Maschine: MATEC HV30<br \/>Verfahren: 5 ACHS BEARBEITUNGSZENTRUM<br \/>Verfahrwege 3-Achsbereich max.: 2000x600x800mm<br \/>Verfahrwege 5-Achsbereich max.: 600x600x600mm<\/p><p>Maschine: DMU 50 V<br \/>Verfahren: 5 ACHS BEARBEITUNGSZENTRUM<br \/>Verfahrwege 3-Achsbereich max.: 700x500x500mm<br \/>Verfahrwege 5-Achsbereich max.: 500x500x500mm<\/p><p>Maschine: DMU 50 eVOLUTION<br \/>Verfahren: 5 ACHS BEARBEITUNGSZENTRUM<br \/>Verfahrwege 3-Achsbereich max.: 500x420x380mm<br \/>Verfahrwege 5-Achsbereich max.: 500x420x380mm<\/p><p>Maschine: HERMLE C30<br \/>Verfahren: 5 ACHS BEARBEITUNGSZENTRUM<br \/>Verfahrwege 3-Achsbereich max.: 650x600x500mm<br \/>Verfahrwege 5-Achsbereich max.: 500x500x450mm<\/p>\t\t\t\t\t\t<\/div>\n\t\t\t\t<\/div>\n\t\t\t\t\t<\/div>\n\t\t<\/div>\n\t\t\t\t\t\t\t<\/div>\n\t\t<\/section>\n\t\t\t\t\t\t\t<\/div>\n\t\t","protected":false},"excerpt":{"rendered":"<p>WMETALL CNC FR\u00c4SEN &#8211; WMETALL Wir von der W-Metall CNC Technik GmbH verf\u00fcgen \u00fcber 3-, &amp; 5-Achs-Fr\u00e4smaschinen. Mit unseren CNC-Maschinen gew\u00e4hrleisten wir die Produktion von Metall- und Kunststoffteilen mit absoluter Pr\u00e4zision und Wiederholbarkeit mit sehr engen Toleranzen. Die Schnellbearbeitung mit unseren CNC-Maschinen erm\u00f6glich die Produktion von Bauteilen von bis zu 2000 x 600 x 600 [&hellip;]<\/p>\n","protected":false},"author":1,"featured_media":0,"parent":0,"menu_order":0,"comment_status":"closed","ping_status":"closed","template":"","meta":[],"_links":{"self":[{"href":"https:\/\/www.wmetall.at\/index.php?rest_route=\/wp\/v2\/pages\/5654"}],"collection":[{"href":"https:\/\/www.wmetall.at\/index.php?rest_route=\/wp\/v2\/pages"}],"about":[{"href":"https:\/\/www.wmetall.at\/index.php?rest_route=\/wp\/v2\/types\/page"}],"author":[{"embeddable":true,"href":"https:\/\/www.wmetall.at\/index.php?rest_route=\/wp\/v2\/users\/1"}],"replies":[{"embeddable":true,"href":"https:\/\/www.wmetall.at\/index.php?rest_route=%2Fwp%2Fv2%2Fcomments&post=5654"}],"version-history":[{"count":35,"href":"https:\/\/www.wmetall.at\/index.php?rest_route=\/wp\/v2\/pages\/5654\/revisions"}],"predecessor-version":[{"id":6130,"href":"https:\/\/www.wmetall.at\/index.php?rest_route=\/wp\/v2\/pages\/5654\/revisions\/6130"}],"wp:attachment":[{"href":"https:\/\/www.wmetall.at\/index.php?rest_route=%2Fwp%2Fv2%2Fmedia&parent=5654"}],"curies":[{"name":"wp","href":"https:\/\/api.w.org\/{rel}","templated":true}]}}