{"id":5680,"date":"2021-04-26T11:26:01","date_gmt":"2021-04-26T11:26:01","guid":{"rendered":"http:\/\/www.wmetall.at\/?page_id=5680"},"modified":"2022-07-06T12:07:59","modified_gmt":"2022-07-06T12:07:59","slug":"cnc-drehen","status":"publish","type":"page","link":"https:\/\/www.wmetall.at\/?page_id=5680","title":{"rendered":"CNC Drehen"},"content":{"rendered":"\t\t<div data-elementor-type=\"wp-page\" data-elementor-id=\"5680\" class=\"elementor elementor-5680\">\n\t\t\t\t\t\t\t\t\t<section class=\"elementor-section elementor-top-section elementor-element elementor-element-67649dff elementor-section-boxed elementor-section-height-default elementor-section-height-default qodef-elementor-content-no\" data-id=\"67649dff\" data-element_type=\"section\">\n\t\t\t\t\t\t<div class=\"elementor-container elementor-column-gap-default\">\n\t\t\t\t\t<div class=\"elementor-column elementor-col-100 elementor-top-column elementor-element elementor-element-257874c8\" data-id=\"257874c8\" data-element_type=\"column\">\n\t\t\t<div class=\"elementor-widget-wrap elementor-element-populated\">\n\t\t\t\t\t\t\t\t<div class=\"elementor-element elementor-element-b87214b elementor-widget elementor-widget-stal_core_section_title\" data-id=\"b87214b\" data-element_type=\"widget\" data-widget_type=\"stal_core_section_title.default\">\n\t\t\t\t<div class=\"elementor-widget-container\">\n\t\t\t<div class=\"qodef-shortcode qodef-m  qodef-section-title qodef-alignment--left  qodef-title-with-tagline\">\n\t\t<div class=\"qodef-m-title-wrap\">\n\t        <h6 class=\"qodef-m-title-tagline\" style=\"color: #BF2B2B\">WMETALL<\/h6>\n    \t<h2 class=\"qodef-m-title\" >\n\t\t\t\t\tCNC DREHEN - WMETALL\t\t\t<\/h2>\n\t\n\t<\/div>\n\t\t<p class=\"qodef-m-text\" style=\"font-size: 19px;line-height: 30px\">Mit Einsatz von modernsten CNC-Drehmaschinen fertigen wir f\u00fcr Sie Drehteile von einem bis 3.000 St\u00fcck, speziell nach Ihren Anforderungen. Mit unseren Maschinen und unserer Erfahrung garantieren wir die Produktion ihrer Arbeitsteile effizient, zu ihrer Zufriedenheit und termingerecht auszuf\u00fchren. \n\nDas CNC-Drehen bietet durch die hohe Pr\u00e4zision, die durch Computersteuerung erm\u00f6glicht wird, viele Vorteile. Neben hohen St\u00fcckzahlen in k\u00fcrzester Zeit gew\u00e4hrleisten die Maschinen eine gleichbleibend hohe Qualit\u00e4t, und das vollautonom.\n\nWir \u00fcbernehmen die Komplettbearbeitung Ihrer Teile durch Futter- und Stangendrehen mit einem breiten, auch schwer zerspanbaren, Materialspektrum. Gerne k\u00f6nnen sie uns Ihre fertige CAD-Zeichnung oder auch andere Formate f\u00fcr die Produktion Ihrer Bauteile zukommen lassen.\n<\/p>\n<\/div>\t\t<\/div>\n\t\t\t\t<\/div>\n\t\t\t\t\t<\/div>\n\t\t<\/div>\n\t\t\t\t\t\t\t<\/div>\n\t\t<\/section>\n\t\t\t\t<section class=\"elementor-section elementor-top-section elementor-element elementor-element-c1f0cdd elementor-section-boxed elementor-section-height-default elementor-section-height-default qodef-elementor-content-no\" data-id=\"c1f0cdd\" data-element_type=\"section\">\n\t\t\t\t\t\t<div class=\"elementor-container elementor-column-gap-default\">\n\t\t\t\t\t<div class=\"elementor-column elementor-col-100 elementor-top-column elementor-element elementor-element-a41e82b\" data-id=\"a41e82b\" data-element_type=\"column\">\n\t\t\t<div class=\"elementor-widget-wrap elementor-element-populated\">\n\t\t\t\t\t\t\t\t<div class=\"elementor-element elementor-element-9f2442e elementor-widget elementor-widget-text-editor\" data-id=\"9f2442e\" data-element_type=\"widget\" data-widget_type=\"text-editor.default\">\n\t\t\t\t<div class=\"elementor-widget-container\">\n\t\t\t\t\t\t\t<p class=\"p1\">Maschine: HYUNDAI KIA<br \/>Verfahren: CNC DREHMASCHINE<br \/>Druchmesser: 600mm <br \/>Stangendurchlass: 90mm<\/p><p>Maschine: BIGLIA 230<br \/>Verfahren: CNC DREHMASCHINE<br \/>Druchmesser: 270mm <br \/>Stangendurchlass: 50mm<\/p><p>Maschine: EMCO TURN E45<br \/>Verfahren: CNC DREH- FR\u00c4SMASCHINE<br \/>Durchmesser: 160mm <br \/>Stangendurchlass: 90mm<\/p>\t\t\t\t\t\t<\/div>\n\t\t\t\t<\/div>\n\t\t\t\t\t<\/div>\n\t\t<\/div>\n\t\t\t\t\t\t\t<\/div>\n\t\t<\/section>\n\t\t\t\t\t\t\t<\/div>\n\t\t","protected":false},"excerpt":{"rendered":"<p>WMETALL CNC DREHEN &#8211; WMETALL Mit Einsatz von modernsten CNC-Drehmaschinen fertigen wir f\u00fcr Sie Drehteile von einem bis 3.000 St\u00fcck, speziell nach Ihren Anforderungen. Mit unseren Maschinen und unserer Erfahrung garantieren wir die Produktion ihrer Arbeitsteile effizient, zu ihrer Zufriedenheit und termingerecht auszuf\u00fchren. Das CNC-Drehen bietet durch die hohe Pr\u00e4zision, die durch Computersteuerung erm\u00f6glicht wird, [&hellip;]<\/p>\n","protected":false},"author":1,"featured_media":0,"parent":0,"menu_order":0,"comment_status":"closed","ping_status":"closed","template":"","meta":[],"_links":{"self":[{"href":"https:\/\/www.wmetall.at\/index.php?rest_route=\/wp\/v2\/pages\/5680"}],"collection":[{"href":"https:\/\/www.wmetall.at\/index.php?rest_route=\/wp\/v2\/pages"}],"about":[{"href":"https:\/\/www.wmetall.at\/index.php?rest_route=\/wp\/v2\/types\/page"}],"author":[{"embeddable":true,"href":"https:\/\/www.wmetall.at\/index.php?rest_route=\/wp\/v2\/users\/1"}],"replies":[{"embeddable":true,"href":"https:\/\/www.wmetall.at\/index.php?rest_route=%2Fwp%2Fv2%2Fcomments&post=5680"}],"version-history":[{"count":36,"href":"https:\/\/www.wmetall.at\/index.php?rest_route=\/wp\/v2\/pages\/5680\/revisions"}],"predecessor-version":[{"id":6136,"href":"https:\/\/www.wmetall.at\/index.php?rest_route=\/wp\/v2\/pages\/5680\/revisions\/6136"}],"wp:attachment":[{"href":"https:\/\/www.wmetall.at\/index.php?rest_route=%2Fwp%2Fv2%2Fmedia&parent=5680"}],"curies":[{"name":"wp","href":"https:\/\/api.w.org\/{rel}","templated":true}]}}