{"id":6044,"date":"2022-07-06T09:36:14","date_gmt":"2022-07-06T09:36:14","guid":{"rendered":"http:\/\/www.wmetall.at\/?page_id=6044"},"modified":"2022-07-06T11:53:11","modified_gmt":"2022-07-06T11:53:11","slug":"cnc-drehen-4","status":"publish","type":"page","link":"https:\/\/www.wmetall.at\/?page_id=6044","title":{"rendered":"Senkerodieren"},"content":{"rendered":"\t\t<div data-elementor-type=\"wp-page\" data-elementor-id=\"6044\" class=\"elementor elementor-6044\">\n\t\t\t\t\t\t\t\t\t<section class=\"elementor-section elementor-top-section elementor-element elementor-element-67649dff elementor-section-boxed elementor-section-height-default elementor-section-height-default qodef-elementor-content-no\" data-id=\"67649dff\" data-element_type=\"section\">\n\t\t\t\t\t\t<div class=\"elementor-container elementor-column-gap-default\">\n\t\t\t\t\t<div class=\"elementor-column elementor-col-100 elementor-top-column elementor-element elementor-element-257874c8\" data-id=\"257874c8\" data-element_type=\"column\">\n\t\t\t<div class=\"elementor-widget-wrap elementor-element-populated\">\n\t\t\t\t\t\t\t\t<div class=\"elementor-element elementor-element-b87214b elementor-widget elementor-widget-stal_core_section_title\" data-id=\"b87214b\" data-element_type=\"widget\" data-widget_type=\"stal_core_section_title.default\">\n\t\t\t\t<div class=\"elementor-widget-container\">\n\t\t\t<div class=\"qodef-shortcode qodef-m  qodef-section-title qodef-alignment--left  qodef-title-with-tagline\">\n\t\t<div class=\"qodef-m-title-wrap\">\n\t        <h6 class=\"qodef-m-title-tagline\" style=\"color: #BF2B2B\">WMETALL<\/h6>\n    \t<h2 class=\"qodef-m-title\" >\n\t\t\t\t\tSENKERODIEREN - WMETALL\t\t\t<\/h2>\n\t\n\t<\/div>\n\t\t<p class=\"qodef-m-text\" style=\"font-size: 19px;line-height: 30px\">Wer ein Verfahren sucht, bei dem eine hervorragende Oberfl\u00e4chenqualit\u00e4t und eine sehr gute Formgenauigkeit gefragt ist, findet im Senkerodieren das passende Verfahren. Dabei werden, durch eine Elektrode, Funken auf dem noch zu bearbeitendem Werkzeug mittels eines Generators erzeugt. Dadurch kommt es zu zahlreichen kleinen Entladungen zwischen Werkzeug (Elektrode) und Werkst\u00fcck. Dies f\u00fchrt zu immer wiederkehrenden Funken, die vorrangig vom Werkst\u00fcck Material abtragen.  Aber auch die Elektrode wird erodiert, sie muss daher erneuert oder nachgearbeitet werden.<\/p>\n<\/div>\t\t<\/div>\n\t\t\t\t<\/div>\n\t\t\t\t\t<\/div>\n\t\t<\/div>\n\t\t\t\t\t\t\t<\/div>\n\t\t<\/section>\n\t\t\t\t<section class=\"elementor-section elementor-top-section elementor-element elementor-element-c1f0cdd elementor-section-boxed elementor-section-height-default elementor-section-height-default qodef-elementor-content-no\" data-id=\"c1f0cdd\" data-element_type=\"section\">\n\t\t\t\t\t\t<div class=\"elementor-container elementor-column-gap-default\">\n\t\t\t\t\t<div class=\"elementor-column elementor-col-100 elementor-top-column elementor-element elementor-element-a41e82b\" data-id=\"a41e82b\" data-element_type=\"column\">\n\t\t\t<div class=\"elementor-widget-wrap elementor-element-populated\">\n\t\t\t\t\t\t\t\t<div class=\"elementor-element elementor-element-9f2442e elementor-widget elementor-widget-text-editor\" data-id=\"9f2442e\" data-element_type=\"widget\" data-widget_type=\"text-editor.default\">\n\t\t\t\t<div class=\"elementor-widget-container\">\n\t\t\t\t\t\t\t<p class=\"p1\">Maschine: MAXIMART PNC<br>Verfahren: CNC SENKERODIERMASCHINE<br>Aufspannfl\u00e4che: 600x500mm<\/p>\t\t\t\t\t\t<\/div>\n\t\t\t\t<\/div>\n\t\t\t\t\t<\/div>\n\t\t<\/div>\n\t\t\t\t\t\t\t<\/div>\n\t\t<\/section>\n\t\t\t\t\t\t\t<\/div>\n\t\t","protected":false},"excerpt":{"rendered":"<p>WMETALL SENKERODIEREN &#8211; WMETALL Wer ein Verfahren sucht, bei dem eine hervorragende Oberfl\u00e4chenqualit\u00e4t und eine sehr gute Formgenauigkeit gefragt ist, findet im Senkerodieren das passende Verfahren. Dabei werden, durch eine Elektrode, Funken auf dem noch zu bearbeitendem Werkzeug mittels eines Generators erzeugt. Dadurch kommt es zu zahlreichen kleinen Entladungen zwischen Werkzeug (Elektrode) und Werkst\u00fcck. Dies [&hellip;]<\/p>\n","protected":false},"author":1,"featured_media":0,"parent":0,"menu_order":0,"comment_status":"closed","ping_status":"closed","template":"","meta":[],"_links":{"self":[{"href":"https:\/\/www.wmetall.at\/index.php?rest_route=\/wp\/v2\/pages\/6044"}],"collection":[{"href":"https:\/\/www.wmetall.at\/index.php?rest_route=\/wp\/v2\/pages"}],"about":[{"href":"https:\/\/www.wmetall.at\/index.php?rest_route=\/wp\/v2\/types\/page"}],"author":[{"embeddable":true,"href":"https:\/\/www.wmetall.at\/index.php?rest_route=\/wp\/v2\/users\/1"}],"replies":[{"embeddable":true,"href":"https:\/\/www.wmetall.at\/index.php?rest_route=%2Fwp%2Fv2%2Fcomments&post=6044"}],"version-history":[{"count":13,"href":"https:\/\/www.wmetall.at\/index.php?rest_route=\/wp\/v2\/pages\/6044\/revisions"}],"predecessor-version":[{"id":6117,"href":"https:\/\/www.wmetall.at\/index.php?rest_route=\/wp\/v2\/pages\/6044\/revisions\/6117"}],"wp:attachment":[{"href":"https:\/\/www.wmetall.at\/index.php?rest_route=%2Fwp%2Fv2%2Fmedia&parent=6044"}],"curies":[{"name":"wp","href":"https:\/\/api.w.org\/{rel}","templated":true}]}}